{"id":15,"date":"2026-02-04T08:28:26","date_gmt":"2026-02-04T07:28:26","guid":{"rendered":"http:\/\/serwer280495.lh.pl\/autoinstalator\/serwer280495.lh.pl\/wordpress150058\/?page_id=15"},"modified":"2026-02-04T10:03:37","modified_gmt":"2026-02-04T09:03:37","slug":"uber-uns","status":"publish","type":"page","link":"https:\/\/siatpol.de\/index.php\/uber-uns\/","title":{"rendered":"\u00dcber uns"},"content":{"rendered":"\t\t<div data-elementor-type=\"wp-page\" data-elementor-id=\"15\" class=\"elementor elementor-15\">\n\t\t\t\t<div class=\"elementor-element elementor-element-2fb3314 e-flex e-con-boxed e-con e-parent\" data-id=\"2fb3314\" data-element_type=\"container\" data-e-type=\"container\">\n\t\t\t\t\t<div class=\"e-con-inner\">\n\t\t\t\t<div class=\"elementor-element elementor-element-a1ff9dc elementor-widget elementor-widget-html\" data-id=\"a1ff9dc\" data-element_type=\"widget\" data-e-type=\"widget\" data-widget_type=\"html.default\">\n\t\t\t\t\t<!-- SIATPOL \u2013 \u00dcBER UNS | FULL HTML + CSS | DE | RESPONSIVE -->\n<section class=\"siatpol-about\" aria-label=\"\u00dcber uns\">\n  <style>\n    .siatpol-about{\n      font-family: Inter, system-ui, -apple-system, Segoe UI, Roboto, Arial, sans-serif;\n      position: relative;\n      width: 100vw;\n      left: 50%;\n      right: 50%;\n      margin-left: -50vw;\n      margin-right: -50vw;\n      background: #FFFFFF;\n      padding: 64px 24px;\n      box-sizing: border-box;\n      color: #0f1720;\n    }\n\n    .siatpol-about__inner{\n      width: 100%;\n      padding: 0 32px;\n      box-sizing: border-box;\n      display: grid;\n      grid-template-columns: 1.05fr .95fr;\n      gap: 28px;\n      align-items: start;\n    }\n\n    .siatpol-about__kicker{\n      display:inline-flex;\n      gap:10px;\n      align-items:center;\n      font-weight: 900;\n      letter-spacing: .25px;\n      text-transform: uppercase;\n      font-size: 12px;\n      color: rgba(15,23,32,.72);\n      border: 1px solid rgba(15,23,32,.10);\n      background: #F9FAFB;\n      padding: 10px 12px;\n      border-radius: 999px;\n      margin-bottom: 14px;\n    }\n\n    .siatpol-about__title{\n      margin: 0 0 12px;\n      font-size: clamp(26px, 3vw, 40px);\n      font-weight: 900;\n      letter-spacing: -0.6px;\n      line-height: 1.08;\n      color: #0f1720;\n    }\n\n    .siatpol-about__lead{\n      margin: 0 0 18px;\n      font-size: 15.5px;\n      line-height: 1.75;\n      color: rgba(15,23,32,.82);\n      max-width: 90ch;\n    }\n\n    .siatpol-about__section{\n      margin-top: 18px;\n      border: 1px solid rgba(15,23,32,.08);\n      background: #F9FAFB;\n      border-radius: 16px;\n      padding: 18px 18px;\n    }\n\n    .siatpol-about__h2{\n      margin: 0 0 10px;\n      font-size: 18px;\n      font-weight: 900;\n      letter-spacing: -0.2px;\n      color: #0f1720;\n    }\n\n    .siatpol-about__p{\n      margin: 0 0 12px;\n      font-size: 15px;\n      line-height: 1.7;\n      color: rgba(15,23,32,.82);\n    }\n\n    .siatpol-about__list{\n      margin: 0;\n      padding-left: 18px;\n      color: rgba(15,23,32,.82);\n      font-size: 15px;\n      line-height: 1.7;\n    }\n    .siatpol-about__list li{ margin-bottom: 6px; }\n\n    \/* Right column cards *\/\n    .siatpol-about__side{\n      display: flex;\n      flex-direction: column;\n      gap: 14px;\n    }\n\n    .siatpol-about__card{\n      border-radius: 18px;\n      padding: 18px 18px;\n      background: #0f1720;\n      color: #fff;\n      border: 1px solid rgba(255,255,255,.10);\n      box-shadow: 0 16px 34px rgba(0,0,0,.22);\n    }\n\n    .siatpol-about__card h3{\n      margin: 0 0 8px;\n      font-size: 18px;\n      font-weight: 900;\n      letter-spacing: -0.2px;\n      color: #fff;\n    }\n\n    .siatpol-about__card p{\n      margin: 0 0 10px;\n      font-size: 14.5px;\n      line-height: 1.6;\n      color: rgba(255,255,255,.86);\n    }\n\n    .siatpol-about__facts{\n      display: grid;\n      grid-template-columns: repeat(2, 1fr);\n      gap: 10px;\n      margin-top: 10px;\n    }\n\n    .siatpol-about__fact{\n      border: 1px solid rgba(255,255,255,.12);\n      background: rgba(255,255,255,.06);\n      border-radius: 14px;\n      padding: 12px 12px;\n    }\n\n    .siatpol-about__fact strong{\n      display:block;\n      font-size: 14px;\n      font-weight: 900;\n      margin-bottom: 4px;\n      color: rgba(255,255,255,.95);\n    }\n\n    .siatpol-about__fact span{\n      display:block;\n      font-size: 13.5px;\n      line-height: 1.5;\n      color: rgba(255,255,255,.78);\n    }\n\n    \/* Video *\/\n    .siatpol-about__video{\n      border-radius: 18px;\n      overflow: hidden;\n      border: 1px solid rgba(15,23,32,.10);\n      background: #000;\n      box-shadow: 0 16px 34px rgba(0,0,0,.14);\n    }\n\n    .siatpol-about__video iframe{\n      width: 100%;\n      height: 315px;\n      display:block;\n      border: 0;\n    }\n\n    \/* Responsive *\/\n    @media (max-width: 1024px){\n      .siatpol-about__inner{\n        grid-template-columns: 1fr;\n      }\n      .siatpol-about__facts{\n        grid-template-columns: repeat(2, 1fr);\n      }\n    }\n\n    @media (max-width: 640px){\n      .siatpol-about{\n        padding: 52px 16px;\n      }\n      .siatpol-about__inner{\n        padding: 0;\n      }\n      .siatpol-about__facts{\n        grid-template-columns: 1fr;\n      }\n      .siatpol-about__video iframe{\n        height: 220px;\n      }\n    }\n  <\/style>\n\n  <div class=\"siatpol-about__inner\">\n    <!-- LEFT: CONTENT -->\n    <div>\n      <div class=\"siatpol-about__kicker\">\u00dcber uns \u2022 SIATPOL<\/div>\n      <h1 class=\"siatpol-about__title\">Erfahrung, Qualit\u00e4t und verantwortungsvolles Unternehmertum<\/h1>\n\n      <p class=\"siatpol-about__lead\">\n        Langj\u00e4hrige Erfahrung, professionelle Produkte und Dienstleistungen sowie ein verantwortungsbewusstes Handeln\n        im Gesch\u00e4ftsalltag haben dazu gef\u00fchrt, dass SIATPOL heute \u00fcber Hunderte von Gesch\u00e4ftspartnern im In- und Ausland verf\u00fcgt.\n        Zu unseren Exportm\u00e4rkten z\u00e4hlen unter anderem Finnland, Kroatien, Ungarn, Deutschland, Litauen und Tschechien.\n        SIATPOL geh\u00f6rt zu den f\u00fchrenden Unternehmen in der Region S\u00fcdostpolen.\n      <\/p>\n\n      <div class=\"siatpol-about__section\">\n        <h2 class=\"siatpol-about__h2\">Unternehmensgeschichte<\/h2>\n        <p class=\"siatpol-about__p\">\n          Das Produktions-, Handels- und Dienstleistungsunternehmen SIATPOL Kazimierz Szcz\u0105chor wurde im Jahr 1982\n          in Majdan Stary bei Bi\u0142goraj gegr\u00fcndet. Seit Beginn unserer T\u00e4tigkeit spezialisieren wir uns auf die Herstellung\n          eines breiten Sortiments von Drahtprodukten \u2013 f\u00fcr Industrie, Bau, Landwirtschaft und Privatkunden.\n        <\/p>\n      <\/div>\n\n      <div class=\"siatpol-about__section\">\n        <h2 class=\"siatpol-about__h2\">Unser Produktsortiment umfasst unter anderem<\/h2>\n        <ul class=\"siatpol-about__list\">\n          <li>komplette Zaunsysteme aus Paneelen sowie Betonfertigteile<\/li>\n          <li>Tore und Pforten<\/li>\n          <li>Forst- und Autobahnz\u00e4une, Garten- und Grundst\u00fccksz\u00e4une, PVC-beschichtete Z\u00e4une, Rabitzz\u00e4une, IZOLA-Z\u00e4une, Schwei\u00dfmatten<\/li>\n          <li>Dr\u00e4hte (Stacheldraht, verzinkter Draht, schwarz gegl\u00fchter Draht, Walzdraht, Bindedraht)<\/li>\n          <li>Stahlfasern zur Betonbewehrung (Typ 1\/50, 1\/60)<\/li>\n          <li>Ketten (montiert, unmontiert sowie Kettenzubeh\u00f6r)<\/li>\n          <li>Montage- und Zubeh\u00f6rteile<\/li>\n        <\/ul>\n      <\/div>\n\n      <div class=\"siatpol-about__section\">\n        <h2 class=\"siatpol-about__h2\">Qualit\u00e4t und technologische Entwicklung<\/h2>\n        <p class=\"siatpol-about__p\">\n          Der Erfolg unseres Unternehmens basiert auf bewussten Investitionen in moderne Maschinen sowie auf der fachlichen Kompetenz\n          unserer Mitarbeiter. Wir legen besonderen Wert auf eine hohe Qualit\u00e4t, die durch erstklassige Rohstoffe und eine fortschrittliche\n          technologische Verarbeitung gew\u00e4hrleistet wird. Dadurch zeichnen sich SIATPOL-Produkte durch Festigkeit, Langlebigkeit und eine hohe \u00c4sthetik aus.\n        <\/p>\n      <\/div>\n\n      <div class=\"siatpol-about__section\">\n        <h2 class=\"siatpol-about__h2\">Umweltmanagement<\/h2>\n        <p class=\"siatpol-about__p\">\n          Wir haben ein Umweltmanagementsystem gem\u00e4\u00df der Norm PN-EN ISO 14001:2015 eingef\u00fchrt und wenden dieses konsequent an.\n          Nachhaltigkeit und Umweltverantwortung sind feste Bestandteile unserer Unternehmensstrategie.\n        <\/p>\n      <\/div>\n\n      <div class=\"siatpol-about__section\">\n        <h2 class=\"siatpol-about__h2\">Produktion, Logistik und Beratung<\/h2>\n        <p class=\"siatpol-about__p\">\n          Wir verf\u00fcgen \u00fcber moderne Produktionshallen (u. a. Drahtzieherei, automatisierte Anlagen zur Herstellung von Zaunmatten,\n          Produktionslinie f\u00fcr Stahlfasern) sowie ein qualifiziertes Team und eine eigene Logistik- und Transportinfrastruktur.\n          Dadurch erm\u00f6glichen wir eine termingerechte Lieferung. Zus\u00e4tzlich bieten wir fachliche Beratung, wettbewerbsf\u00e4hige Preise und\n          eine flexible, partnerschaftliche Zusammenarbeit.\n        <\/p>\n      <\/div>\n\n      <div class=\"siatpol-about__section\">\n        <h2 class=\"siatpol-about__h2\">Dynamische Entwicklung und Anerkennung<\/h2>\n        <p class=\"siatpol-about__p\">\n          Die Entwicklung von SIATPOL erfolgt ganzheitlich in den Bereichen Produktion, Handel und Marketing. Wir nehmen regelm\u00e4\u00dfig an\n          Fachmessen im In- und Ausland teil. Unsere Produkte und unsere Gesch\u00e4ftst\u00e4tigkeit wurden mit zahlreichen Zertifikaten,\n          Preisen und Auszeichnungen gew\u00fcrdigt.\n        <\/p>\n      <\/div>\n    <\/div>\n\n    <!-- RIGHT: VIDEO + FACTS -->\n    <div class=\"siatpol-about__side\">\n      <div class=\"siatpol-about__card\" aria-label=\"Kurzprofil\">\n        <h3>Kurzprofil<\/h3>\n        <p>\n          Hersteller von Zaunsystemen und Drahtprodukten. Lieferungen f\u00fcr Industrie, Bau, Landwirtschaft und Privatkunden \u2013\n          in Polen und innerhalb der EU.\n        <\/p>\n\n        <div class=\"siatpol-about__facts\">\n          <div class=\"siatpol-about__fact\">\n            <strong>Seit<\/strong>\n            <span>1982<\/span>\n          <\/div>\n          <div class=\"siatpol-about__fact\">\n            <strong>Export<\/strong>\n            <span>u. a. DE, FI, HR, HU, LT, CZ<\/span>\n          <\/div>\n          <div class=\"siatpol-about__fact\">\n            <strong>Fokus<\/strong>\n            <span>Qualit\u00e4t &amp; zuverl\u00e4ssige Logistik<\/span>\n          <\/div>\n          <div class=\"siatpol-about__fact\">\n            <strong>Standard<\/strong>\n            <span>PN-EN ISO 14001:2015<\/span>\n          <\/div>\n        <\/div>\n      <\/div>\n\n      <div class=\"siatpol-about__video\" aria-label=\"Unternehmensvideo\">\n        <iframe\n          src=\"https:\/\/www.youtube.com\/embed\/j77RN4dVTWM\"\n          title=\"SIATPOL Unternehmensvideo\"\n          allow=\"accelerometer; autoplay; clipboard-write; encrypted-media; gyroscope; picture-in-picture; web-share\"\n          allowfullscreen>\n        <\/iframe>\n      <\/div>\n    <\/div>\n  <\/div>\n<\/section>\n\t\t\t\t<\/div>\n\t\t\t\t\t<\/div>\n\t\t\t\t<\/div>\n\t\t\t\t<\/div>\n\t\t","protected":false},"excerpt":{"rendered":"<p>\u00dcber uns \u2022 SIATPOL Erfahrung, Qualit\u00e4t und verantwortungsvolles Unternehmertum Langj\u00e4hrige Erfahrung, professionelle Produkte und Dienstleistungen sowie ein verantwortungsbewusstes Handeln im [&hellip;]<\/p>\n","protected":false},"author":1,"featured_media":0,"parent":0,"menu_order":0,"comment_status":"closed","ping_status":"closed","template":"","meta":{"site-sidebar-layout":"no-sidebar","site-content-layout":"","ast-site-content-layout":"full-width-container","site-content-style":"default","site-sidebar-style":"default","ast-global-header-display":"","ast-banner-title-visibility":"","ast-main-header-display":"","ast-hfb-above-header-display":"","ast-hfb-below-header-display":"","ast-hfb-mobile-header-display":"","site-post-title":"disabled","ast-breadcrumbs-content":"","ast-featured-img":"disabled","footer-sml-layout":"","ast-disable-related-posts":"","theme-transparent-header-meta":"","adv-header-id-meta":"","stick-header-meta":"","header-above-stick-meta":"","header-main-stick-meta":"","header-below-stick-meta":"","astra-migrate-meta-layouts":"default","ast-page-background-enabled":"default","ast-page-background-meta":{"desktop":{"background-color":"var(--ast-global-color-5)","background-image":"","background-repeat":"repeat","background-position":"center center","background-size":"auto","background-attachment":"scroll","background-type":"","background-media":"","overlay-type":"","overlay-color":"","overlay-opacity":"","overlay-gradient":""},"tablet":{"background-color":"","background-image":"","background-repeat":"repeat","background-position":"center center","background-size":"auto","background-attachment":"scroll","background-type":"","background-media":"","overlay-type":"","overlay-color":"","overlay-opacity":"","overlay-gradient":""},"mobile":{"background-color":"","background-image":"","background-repeat":"repeat","background-position":"center center","background-size":"auto","background-attachment":"scroll","background-type":"","background-media":"","overlay-type":"","overlay-color":"","overlay-opacity":"","overlay-gradient":""}},"ast-content-background-meta":{"desktop":{"background-color":"var(--ast-global-color-4)","background-image":"","background-repeat":"repeat","background-position":"center center","background-size":"auto","background-attachment":"scroll","background-type":"","background-media":"","overlay-type":"","overlay-color":"","overlay-opacity":"","overlay-gradient":""},"tablet":{"background-color":"var(--ast-global-color-4)","background-image":"","background-repeat":"repeat","background-position":"center center","background-size":"auto","background-attachment":"scroll","background-type":"","background-media":"","overlay-type":"","overlay-color":"","overlay-opacity":"","overlay-gradient":""},"mobile":{"background-color":"var(--ast-global-color-4)","background-image":"","background-repeat":"repeat","background-position":"center center","background-size":"auto","background-attachment":"scroll","background-type":"","background-media":"","overlay-type":"","overlay-color":"","overlay-opacity":"","overlay-gradient":""}},"footnotes":""},"class_list":["post-15","page","type-page","status-publish","hentry"],"yoast_head":"<!-- This site is optimized with the Yoast SEO plugin v27.1.1 - https:\/\/yoast.com\/product\/yoast-seo-wordpress\/ -->\n<title>\u00dcber uns - Siatpol<\/title>\n<meta name=\"robots\" content=\"index, follow, max-snippet:-1, max-image-preview:large, max-video-preview:-1\" \/>\n<link rel=\"canonical\" href=\"https:\/\/siatpol.de\/index.php\/uber-uns\/\" \/>\n<meta property=\"og:locale\" content=\"de_DE\" \/>\n<meta property=\"og:type\" content=\"article\" \/>\n<meta property=\"og:title\" content=\"\u00dcber uns - Siatpol\" \/>\n<meta property=\"og:description\" content=\"\u00dcber uns \u2022 SIATPOL Erfahrung, Qualit\u00e4t und verantwortungsvolles Unternehmertum Langj\u00e4hrige Erfahrung, professionelle Produkte und Dienstleistungen sowie ein verantwortungsbewusstes Handeln im [&hellip;]\" \/>\n<meta property=\"og:url\" content=\"https:\/\/siatpol.de\/index.php\/uber-uns\/\" \/>\n<meta property=\"og:site_name\" content=\"Siatpol\" \/>\n<meta property=\"article:publisher\" content=\"https:\/\/www.facebook.com\/pphusiatpol\/\" \/>\n<meta property=\"article:modified_time\" content=\"2026-02-04T09:03:37+00:00\" \/>\n<meta name=\"twitter:card\" content=\"summary_large_image\" \/>\n<meta name=\"twitter:label1\" content=\"Gesch\u00e4tzte Lesezeit\" \/>\n\t<meta name=\"twitter:data1\" content=\"2\u00a0Minuten\" \/>\n<script type=\"application\/ld+json\" class=\"yoast-schema-graph\">{\"@context\":\"https:\/\/schema.org\",\"@graph\":[{\"@type\":\"WebPage\",\"@id\":\"https:\/\/siatpol.de\/index.php\/uber-uns\/\",\"url\":\"https:\/\/siatpol.de\/index.php\/uber-uns\/\",\"name\":\"\u00dcber uns - Siatpol\",\"isPartOf\":{\"@id\":\"https:\/\/siatpol.de\/#website\"},\"datePublished\":\"2026-02-04T07:28:26+00:00\",\"dateModified\":\"2026-02-04T09:03:37+00:00\",\"breadcrumb\":{\"@id\":\"https:\/\/siatpol.de\/index.php\/uber-uns\/#breadcrumb\"},\"inLanguage\":\"de\",\"potentialAction\":[{\"@type\":\"ReadAction\",\"target\":[\"https:\/\/siatpol.de\/index.php\/uber-uns\/\"]}]},{\"@type\":\"BreadcrumbList\",\"@id\":\"https:\/\/siatpol.de\/index.php\/uber-uns\/#breadcrumb\",\"itemListElement\":[{\"@type\":\"ListItem\",\"position\":1,\"name\":\"Start\",\"item\":\"https:\/\/siatpol.de\/\"},{\"@type\":\"ListItem\",\"position\":2,\"name\":\"\u00dcber uns\"}]},{\"@type\":\"WebSite\",\"@id\":\"https:\/\/siatpol.de\/#website\",\"url\":\"https:\/\/siatpol.de\/\",\"name\":\"Siatpol\",\"description\":\"\",\"publisher\":{\"@id\":\"https:\/\/siatpol.de\/#organization\"},\"potentialAction\":[{\"@type\":\"SearchAction\",\"target\":{\"@type\":\"EntryPoint\",\"urlTemplate\":\"https:\/\/siatpol.de\/?s={search_term_string}\"},\"query-input\":{\"@type\":\"PropertyValueSpecification\",\"valueRequired\":true,\"valueName\":\"search_term_string\"}}],\"inLanguage\":\"de\"},{\"@type\":\"Organization\",\"@id\":\"https:\/\/siatpol.de\/#organization\",\"name\":\"Siatpol\",\"url\":\"https:\/\/siatpol.de\/\",\"logo\":{\"@type\":\"ImageObject\",\"inLanguage\":\"de\",\"@id\":\"https:\/\/siatpol.de\/#\/schema\/logo\/image\/\",\"url\":\"https:\/\/siatpol.de\/wp-content\/uploads\/2026\/02\/cropped-logo-1.png\",\"contentUrl\":\"https:\/\/siatpol.de\/wp-content\/uploads\/2026\/02\/cropped-logo-1.png\",\"width\":264,\"height\":211,\"caption\":\"Siatpol\"},\"image\":{\"@id\":\"https:\/\/siatpol.de\/#\/schema\/logo\/image\/\"},\"sameAs\":[\"https:\/\/www.facebook.com\/pphusiatpol\/\",\"https:\/\/www.instagram.com\/siatpol.pl\/?hl=pl\"]}]}<\/script>\n<!-- \/ Yoast SEO plugin. -->","yoast_head_json":{"title":"\u00dcber uns - Siatpol","robots":{"index":"index","follow":"follow","max-snippet":"max-snippet:-1","max-image-preview":"max-image-preview:large","max-video-preview":"max-video-preview:-1"},"canonical":"https:\/\/siatpol.de\/index.php\/uber-uns\/","og_locale":"de_DE","og_type":"article","og_title":"\u00dcber uns - Siatpol","og_description":"\u00dcber uns \u2022 SIATPOL Erfahrung, Qualit\u00e4t und verantwortungsvolles Unternehmertum Langj\u00e4hrige Erfahrung, professionelle Produkte und Dienstleistungen sowie ein verantwortungsbewusstes Handeln im [&hellip;]","og_url":"https:\/\/siatpol.de\/index.php\/uber-uns\/","og_site_name":"Siatpol","article_publisher":"https:\/\/www.facebook.com\/pphusiatpol\/","article_modified_time":"2026-02-04T09:03:37+00:00","twitter_card":"summary_large_image","twitter_misc":{"Gesch\u00e4tzte Lesezeit":"2\u00a0Minuten"},"schema":{"@context":"https:\/\/schema.org","@graph":[{"@type":"WebPage","@id":"https:\/\/siatpol.de\/index.php\/uber-uns\/","url":"https:\/\/siatpol.de\/index.php\/uber-uns\/","name":"\u00dcber uns - Siatpol","isPartOf":{"@id":"https:\/\/siatpol.de\/#website"},"datePublished":"2026-02-04T07:28:26+00:00","dateModified":"2026-02-04T09:03:37+00:00","breadcrumb":{"@id":"https:\/\/siatpol.de\/index.php\/uber-uns\/#breadcrumb"},"inLanguage":"de","potentialAction":[{"@type":"ReadAction","target":["https:\/\/siatpol.de\/index.php\/uber-uns\/"]}]},{"@type":"BreadcrumbList","@id":"https:\/\/siatpol.de\/index.php\/uber-uns\/#breadcrumb","itemListElement":[{"@type":"ListItem","position":1,"name":"Start","item":"https:\/\/siatpol.de\/"},{"@type":"ListItem","position":2,"name":"\u00dcber uns"}]},{"@type":"WebSite","@id":"https:\/\/siatpol.de\/#website","url":"https:\/\/siatpol.de\/","name":"Siatpol","description":"","publisher":{"@id":"https:\/\/siatpol.de\/#organization"},"potentialAction":[{"@type":"SearchAction","target":{"@type":"EntryPoint","urlTemplate":"https:\/\/siatpol.de\/?s={search_term_string}"},"query-input":{"@type":"PropertyValueSpecification","valueRequired":true,"valueName":"search_term_string"}}],"inLanguage":"de"},{"@type":"Organization","@id":"https:\/\/siatpol.de\/#organization","name":"Siatpol","url":"https:\/\/siatpol.de\/","logo":{"@type":"ImageObject","inLanguage":"de","@id":"https:\/\/siatpol.de\/#\/schema\/logo\/image\/","url":"https:\/\/siatpol.de\/wp-content\/uploads\/2026\/02\/cropped-logo-1.png","contentUrl":"https:\/\/siatpol.de\/wp-content\/uploads\/2026\/02\/cropped-logo-1.png","width":264,"height":211,"caption":"Siatpol"},"image":{"@id":"https:\/\/siatpol.de\/#\/schema\/logo\/image\/"},"sameAs":["https:\/\/www.facebook.com\/pphusiatpol\/","https:\/\/www.instagram.com\/siatpol.pl\/?hl=pl"]}]}},"_links":{"self":[{"href":"https:\/\/siatpol.de\/index.php\/wp-json\/wp\/v2\/pages\/15","targetHints":{"allow":["GET"]}}],"collection":[{"href":"https:\/\/siatpol.de\/index.php\/wp-json\/wp\/v2\/pages"}],"about":[{"href":"https:\/\/siatpol.de\/index.php\/wp-json\/wp\/v2\/types\/page"}],"author":[{"embeddable":true,"href":"https:\/\/siatpol.de\/index.php\/wp-json\/wp\/v2\/users\/1"}],"replies":[{"embeddable":true,"href":"https:\/\/siatpol.de\/index.php\/wp-json\/wp\/v2\/comments?post=15"}],"version-history":[{"count":5,"href":"https:\/\/siatpol.de\/index.php\/wp-json\/wp\/v2\/pages\/15\/revisions"}],"predecessor-version":[{"id":132,"href":"https:\/\/siatpol.de\/index.php\/wp-json\/wp\/v2\/pages\/15\/revisions\/132"}],"wp:attachment":[{"href":"https:\/\/siatpol.de\/index.php\/wp-json\/wp\/v2\/media?parent=15"}],"curies":[{"name":"wp","href":"https:\/\/api.w.org\/{rel}","templated":true}]}}