{"id":187,"date":"2026-02-16T12:53:23","date_gmt":"2026-02-16T11:53:23","guid":{"rendered":"https:\/\/testnexa.pl\/?page_id=187"},"modified":"2026-02-16T13:21:55","modified_gmt":"2026-02-16T12:21:55","slug":"widerrufsrecht","status":"publish","type":"page","link":"https:\/\/siatpol.de\/index.php\/widerrufsrecht\/","title":{"rendered":"Widerrufsrecht"},"content":{"rendered":"\t\t<div data-elementor-type=\"wp-page\" data-elementor-id=\"187\" class=\"elementor elementor-187\">\n\t\t\t\t<div class=\"elementor-element elementor-element-ded34cc e-flex e-con-boxed e-con e-parent\" data-id=\"ded34cc\" data-element_type=\"container\" data-e-type=\"container\">\n\t\t\t\t\t<div class=\"e-con-inner\">\n\t\t\t\t<div class=\"elementor-element elementor-element-3b1bbd1 elementor-widget elementor-widget-html\" data-id=\"3b1bbd1\" data-element_type=\"widget\" data-e-type=\"widget\" data-widget_type=\"html.default\">\n\t\t\t\t\t<!-- SIATPOL \u2013 CONTAINER: WIDERRUFSRECHT | FULL WIDTH | DE -->\n<section class=\"siatpol-widerruf\" aria-label=\"Widerrufsrecht\">\n  <style>\n    .siatpol-widerruf{\n      font-family: Inter, system-ui, -apple-system, Segoe UI, Roboto, Arial, sans-serif;\n      position: relative;\n      width: 100vw;\n      left: 50%;\n      right: 50%;\n      margin-left: -50vw;\n      margin-right: -50vw;\n      background: #F5F7FA;\n      padding: 64px 24px;\n      box-sizing: border-box;\n    }\n\n    .siatpol-widerruf__inner{\n      width: 100%;\n      max-width: 900px;\n      margin: 0 auto;\n      padding: 0 32px;\n      box-sizing: border-box;\n    }\n\n    .siatpol-widerruf__title{\n      margin: 0 0 28px;\n      font-size: clamp(26px, 2.6vw, 36px);\n      font-weight: 800;\n      letter-spacing: -0.4px;\n      color: #0f1720;\n    }\n\n    .siatpol-widerruf__box{\n      background: #ffffff;\n      border: 1px solid rgba(15,23,32,.08);\n      border-radius: 16px;\n      padding: 28px;\n      box-shadow: 0 10px 28px rgba(15,23,32,.08);\n    }\n\n    .siatpol-widerruf__section{\n      margin-bottom: 26px;\n    }\n\n    .siatpol-widerruf__h3{\n      margin: 0 0 8px;\n      font-size: 18px;\n      font-weight: 800;\n      color: #0f1720;\n    }\n\n    .siatpol-widerruf__p{\n      margin: 0;\n      font-size: 15px;\n      line-height: 1.65;\n      color: rgba(15,23,32,.85);\n    }\n\n    @media (max-width: 640px){\n      .siatpol-widerruf{\n        padding: 52px 16px;\n      }\n      .siatpol-widerruf__inner{\n        padding: 0;\n      }\n    }\n  <\/style>\n\n  <div class=\"siatpol-widerruf__inner\">\n    <h1 class=\"siatpol-widerruf__title\">Widerrufsrecht<\/h1>\n\n    <div class=\"siatpol-widerruf__box\">\n\n      <div class=\"siatpol-widerruf__section\">\n        <h3 class=\"siatpol-widerruf__h3\">Widerrufsrecht f\u00fcr Verbraucher<\/h3>\n        <p class=\"siatpol-widerruf__p\">\n          Verbraucher haben das Recht, binnen vierzehn Tagen ohne Angabe von Gr\u00fcnden\n          diesen Vertrag zu widerrufen. Die Widerrufsfrist betr\u00e4gt vierzehn Tage\n          ab dem Tag, an dem Sie oder ein von Ihnen benannter Dritter die Ware in Besitz genommen haben.\n        <\/p>\n      <\/div>\n\n      <div class=\"siatpol-widerruf__section\">\n        <h3 class=\"siatpol-widerruf__h3\">Aus\u00fcbung des Widerrufsrechts<\/h3>\n        <p class=\"siatpol-widerruf__p\">\n          Um Ihr Widerrufsrecht auszu\u00fcben, m\u00fcssen Sie uns\n          (SIATPOL Sp\u00f3\u0142ka z ograniczon\u0105 odpowiedzialno\u015bci\u0105,\n          Majdan Stary 44B, 23-414 Majdan Stary, Polen,\n          E-Mail: biuro@siatpol.pl)\n          mittels einer eindeutigen Erkl\u00e4rung \u00fcber Ihren Entschluss,\n          diesen Vertrag zu widerrufen, informieren.\n        <\/p>\n      <\/div>\n\n      <div class=\"siatpol-widerruf__section\">\n        <h3 class=\"siatpol-widerruf__h3\">Folgen des Widerrufs<\/h3>\n        <p class=\"siatpol-widerruf__p\">\n          Wenn Sie diesen Vertrag widerrufen, haben wir Ihnen alle Zahlungen,\n          die wir von Ihnen erhalten haben, unverz\u00fcglich und sp\u00e4testens binnen\n          vierzehn Tagen ab dem Tag zur\u00fcckzuzahlen, an dem die Mitteilung \u00fcber\n          Ihren Widerruf dieses Vertrags bei uns eingegangen ist.\n        <\/p>\n      <\/div>\n\n      <div class=\"siatpol-widerruf__section\">\n        <h3 class=\"siatpol-widerruf__h3\">Ausschluss des Widerrufsrechts<\/h3>\n        <p class=\"siatpol-widerruf__p\">\n          Das Widerrufsrecht besteht nicht bei Vertr\u00e4gen zur Lieferung von Waren,\n          die nicht vorgefertigt sind und f\u00fcr deren Herstellung eine individuelle\n          Auswahl oder Bestimmung durch den Verbraucher ma\u00dfgeblich ist oder die\n          eindeutig auf die pers\u00f6nlichen Bed\u00fcrfnisse zugeschnitten sind.\n        <\/p>\n      <\/div>\n\n    <\/div>\n  <\/div>\n<\/section>\n\t\t\t\t<\/div>\n\t\t\t\t\t<\/div>\n\t\t\t\t<\/div>\n\t\t\t\t<\/div>\n\t\t","protected":false},"excerpt":{"rendered":"<p>Widerrufsrecht Widerrufsrecht f\u00fcr Verbraucher Verbraucher haben das Recht, binnen vierzehn Tagen ohne Angabe von Gr\u00fcnden diesen Vertrag zu widerrufen. Die [&hellip;]<\/p>\n","protected":false},"author":1,"featured_media":0,"parent":0,"menu_order":0,"comment_status":"closed","ping_status":"closed","template":"","meta":{"site-sidebar-layout":"no-sidebar","site-content-layout":"","ast-site-content-layout":"full-width-container","site-content-style":"default","site-sidebar-style":"default","ast-global-header-display":"","ast-banner-title-visibility":"","ast-main-header-display":"","ast-hfb-above-header-display":"","ast-hfb-below-header-display":"","ast-hfb-mobile-header-display":"","site-post-title":"disabled","ast-breadcrumbs-content":"","ast-featured-img":"disabled","footer-sml-layout":"","ast-disable-related-posts":"","theme-transparent-header-meta":"","adv-header-id-meta":"","stick-header-meta":"","header-above-stick-meta":"","header-main-stick-meta":"","header-below-stick-meta":"","astra-migrate-meta-layouts":"default","ast-page-background-enabled":"default","ast-page-background-meta":{"desktop":{"background-color":"var(--ast-global-color-5)","background-image":"","background-repeat":"repeat","background-position":"center center","background-size":"auto","background-attachment":"scroll","background-type":"","background-media":"","overlay-type":"","overlay-color":"","overlay-opacity":"","overlay-gradient":""},"tablet":{"background-color":"","background-image":"","background-repeat":"repeat","background-position":"center center","background-size":"auto","background-attachment":"scroll","background-type":"","background-media":"","overlay-type":"","overlay-color":"","overlay-opacity":"","overlay-gradient":""},"mobile":{"background-color":"","background-image":"","background-repeat":"repeat","background-position":"center center","background-size":"auto","background-attachment":"scroll","background-type":"","background-media":"","overlay-type":"","overlay-color":"","overlay-opacity":"","overlay-gradient":""}},"ast-content-background-meta":{"desktop":{"background-color":"var(--ast-global-color-4)","background-image":"","background-repeat":"repeat","background-position":"center center","background-size":"auto","background-attachment":"scroll","background-type":"","background-media":"","overlay-type":"","overlay-color":"","overlay-opacity":"","overlay-gradient":""},"tablet":{"background-color":"var(--ast-global-color-4)","background-image":"","background-repeat":"repeat","background-position":"center center","background-size":"auto","background-attachment":"scroll","background-type":"","background-media":"","overlay-type":"","overlay-color":"","overlay-opacity":"","overlay-gradient":""},"mobile":{"background-color":"var(--ast-global-color-4)","background-image":"","background-repeat":"repeat","background-position":"center center","background-size":"auto","background-attachment":"scroll","background-type":"","background-media":"","overlay-type":"","overlay-color":"","overlay-opacity":"","overlay-gradient":""}},"footnotes":""},"class_list":["post-187","page","type-page","status-publish","hentry"],"yoast_head":"<!-- This site is optimized with the Yoast SEO plugin v27.1.1 - https:\/\/yoast.com\/product\/yoast-seo-wordpress\/ -->\n<title>Widerrufsrecht - Siatpol<\/title>\n<meta name=\"robots\" content=\"index, follow, max-snippet:-1, max-image-preview:large, max-video-preview:-1\" \/>\n<link rel=\"canonical\" href=\"https:\/\/siatpol.de\/index.php\/widerrufsrecht\/\" \/>\n<meta property=\"og:locale\" content=\"de_DE\" \/>\n<meta property=\"og:type\" content=\"article\" \/>\n<meta property=\"og:title\" content=\"Widerrufsrecht - Siatpol\" \/>\n<meta property=\"og:description\" content=\"Widerrufsrecht Widerrufsrecht f\u00fcr Verbraucher Verbraucher haben das Recht, binnen vierzehn Tagen ohne Angabe von Gr\u00fcnden diesen Vertrag zu widerrufen. Die [&hellip;]\" \/>\n<meta property=\"og:url\" content=\"https:\/\/siatpol.de\/index.php\/widerrufsrecht\/\" \/>\n<meta property=\"og:site_name\" content=\"Siatpol\" \/>\n<meta property=\"article:publisher\" content=\"https:\/\/www.facebook.com\/pphusiatpol\/\" \/>\n<meta property=\"article:modified_time\" content=\"2026-02-16T12:21:55+00:00\" \/>\n<meta name=\"twitter:card\" content=\"summary_large_image\" \/>\n<meta name=\"twitter:label1\" content=\"Gesch\u00e4tzte Lesezeit\" \/>\n\t<meta name=\"twitter:data1\" content=\"1\u00a0Minute\" \/>\n<script type=\"application\/ld+json\" class=\"yoast-schema-graph\">{\"@context\":\"https:\/\/schema.org\",\"@graph\":[{\"@type\":\"WebPage\",\"@id\":\"https:\/\/siatpol.de\/index.php\/widerrufsrecht\/\",\"url\":\"https:\/\/siatpol.de\/index.php\/widerrufsrecht\/\",\"name\":\"Widerrufsrecht - Siatpol\",\"isPartOf\":{\"@id\":\"https:\/\/siatpol.de\/#website\"},\"datePublished\":\"2026-02-16T11:53:23+00:00\",\"dateModified\":\"2026-02-16T12:21:55+00:00\",\"breadcrumb\":{\"@id\":\"https:\/\/siatpol.de\/index.php\/widerrufsrecht\/#breadcrumb\"},\"inLanguage\":\"de\",\"potentialAction\":[{\"@type\":\"ReadAction\",\"target\":[\"https:\/\/siatpol.de\/index.php\/widerrufsrecht\/\"]}]},{\"@type\":\"BreadcrumbList\",\"@id\":\"https:\/\/siatpol.de\/index.php\/widerrufsrecht\/#breadcrumb\",\"itemListElement\":[{\"@type\":\"ListItem\",\"position\":1,\"name\":\"Start\",\"item\":\"https:\/\/siatpol.de\/\"},{\"@type\":\"ListItem\",\"position\":2,\"name\":\"Widerrufsrecht\"}]},{\"@type\":\"WebSite\",\"@id\":\"https:\/\/siatpol.de\/#website\",\"url\":\"https:\/\/siatpol.de\/\",\"name\":\"Siatpol\",\"description\":\"\",\"publisher\":{\"@id\":\"https:\/\/siatpol.de\/#organization\"},\"potentialAction\":[{\"@type\":\"SearchAction\",\"target\":{\"@type\":\"EntryPoint\",\"urlTemplate\":\"https:\/\/siatpol.de\/?s={search_term_string}\"},\"query-input\":{\"@type\":\"PropertyValueSpecification\",\"valueRequired\":true,\"valueName\":\"search_term_string\"}}],\"inLanguage\":\"de\"},{\"@type\":\"Organization\",\"@id\":\"https:\/\/siatpol.de\/#organization\",\"name\":\"Siatpol\",\"url\":\"https:\/\/siatpol.de\/\",\"logo\":{\"@type\":\"ImageObject\",\"inLanguage\":\"de\",\"@id\":\"https:\/\/siatpol.de\/#\/schema\/logo\/image\/\",\"url\":\"https:\/\/siatpol.de\/wp-content\/uploads\/2026\/02\/cropped-logo-1.png\",\"contentUrl\":\"https:\/\/siatpol.de\/wp-content\/uploads\/2026\/02\/cropped-logo-1.png\",\"width\":264,\"height\":211,\"caption\":\"Siatpol\"},\"image\":{\"@id\":\"https:\/\/siatpol.de\/#\/schema\/logo\/image\/\"},\"sameAs\":[\"https:\/\/www.facebook.com\/pphusiatpol\/\",\"https:\/\/www.instagram.com\/siatpol.pl\/?hl=pl\"]}]}<\/script>\n<!-- \/ Yoast SEO plugin. -->","yoast_head_json":{"title":"Widerrufsrecht - Siatpol","robots":{"index":"index","follow":"follow","max-snippet":"max-snippet:-1","max-image-preview":"max-image-preview:large","max-video-preview":"max-video-preview:-1"},"canonical":"https:\/\/siatpol.de\/index.php\/widerrufsrecht\/","og_locale":"de_DE","og_type":"article","og_title":"Widerrufsrecht - Siatpol","og_description":"Widerrufsrecht Widerrufsrecht f\u00fcr Verbraucher Verbraucher haben das Recht, binnen vierzehn Tagen ohne Angabe von Gr\u00fcnden diesen Vertrag zu widerrufen. Die [&hellip;]","og_url":"https:\/\/siatpol.de\/index.php\/widerrufsrecht\/","og_site_name":"Siatpol","article_publisher":"https:\/\/www.facebook.com\/pphusiatpol\/","article_modified_time":"2026-02-16T12:21:55+00:00","twitter_card":"summary_large_image","twitter_misc":{"Gesch\u00e4tzte Lesezeit":"1\u00a0Minute"},"schema":{"@context":"https:\/\/schema.org","@graph":[{"@type":"WebPage","@id":"https:\/\/siatpol.de\/index.php\/widerrufsrecht\/","url":"https:\/\/siatpol.de\/index.php\/widerrufsrecht\/","name":"Widerrufsrecht - Siatpol","isPartOf":{"@id":"https:\/\/siatpol.de\/#website"},"datePublished":"2026-02-16T11:53:23+00:00","dateModified":"2026-02-16T12:21:55+00:00","breadcrumb":{"@id":"https:\/\/siatpol.de\/index.php\/widerrufsrecht\/#breadcrumb"},"inLanguage":"de","potentialAction":[{"@type":"ReadAction","target":["https:\/\/siatpol.de\/index.php\/widerrufsrecht\/"]}]},{"@type":"BreadcrumbList","@id":"https:\/\/siatpol.de\/index.php\/widerrufsrecht\/#breadcrumb","itemListElement":[{"@type":"ListItem","position":1,"name":"Start","item":"https:\/\/siatpol.de\/"},{"@type":"ListItem","position":2,"name":"Widerrufsrecht"}]},{"@type":"WebSite","@id":"https:\/\/siatpol.de\/#website","url":"https:\/\/siatpol.de\/","name":"Siatpol","description":"","publisher":{"@id":"https:\/\/siatpol.de\/#organization"},"potentialAction":[{"@type":"SearchAction","target":{"@type":"EntryPoint","urlTemplate":"https:\/\/siatpol.de\/?s={search_term_string}"},"query-input":{"@type":"PropertyValueSpecification","valueRequired":true,"valueName":"search_term_string"}}],"inLanguage":"de"},{"@type":"Organization","@id":"https:\/\/siatpol.de\/#organization","name":"Siatpol","url":"https:\/\/siatpol.de\/","logo":{"@type":"ImageObject","inLanguage":"de","@id":"https:\/\/siatpol.de\/#\/schema\/logo\/image\/","url":"https:\/\/siatpol.de\/wp-content\/uploads\/2026\/02\/cropped-logo-1.png","contentUrl":"https:\/\/siatpol.de\/wp-content\/uploads\/2026\/02\/cropped-logo-1.png","width":264,"height":211,"caption":"Siatpol"},"image":{"@id":"https:\/\/siatpol.de\/#\/schema\/logo\/image\/"},"sameAs":["https:\/\/www.facebook.com\/pphusiatpol\/","https:\/\/www.instagram.com\/siatpol.pl\/?hl=pl"]}]}},"_links":{"self":[{"href":"https:\/\/siatpol.de\/index.php\/wp-json\/wp\/v2\/pages\/187","targetHints":{"allow":["GET"]}}],"collection":[{"href":"https:\/\/siatpol.de\/index.php\/wp-json\/wp\/v2\/pages"}],"about":[{"href":"https:\/\/siatpol.de\/index.php\/wp-json\/wp\/v2\/types\/page"}],"author":[{"embeddable":true,"href":"https:\/\/siatpol.de\/index.php\/wp-json\/wp\/v2\/users\/1"}],"replies":[{"embeddable":true,"href":"https:\/\/siatpol.de\/index.php\/wp-json\/wp\/v2\/comments?post=187"}],"version-history":[{"count":5,"href":"https:\/\/siatpol.de\/index.php\/wp-json\/wp\/v2\/pages\/187\/revisions"}],"predecessor-version":[{"id":222,"href":"https:\/\/siatpol.de\/index.php\/wp-json\/wp\/v2\/pages\/187\/revisions\/222"}],"wp:attachment":[{"href":"https:\/\/siatpol.de\/index.php\/wp-json\/wp\/v2\/media?parent=187"}],"curies":[{"name":"wp","href":"https:\/\/api.w.org\/{rel}","templated":true}]}}